{"id":38,"date":"2025-12-18T22:04:25","date_gmt":"2025-12-18T22:04:25","guid":{"rendered":"https:\/\/feconeste.com.br\/site\/?page_id=38"},"modified":"2026-01-28T15:24:38","modified_gmt":"2026-01-28T15:24:38","slug":"convencoes","status":"publish","type":"page","link":"https:\/\/feconeste.com.br\/site\/convencoes\/","title":{"rendered":"Conven\u00e7\u00f5es"},"content":{"rendered":"\n<p class=\"has-text-color has-link-color wp-elements-8c2b5676b502021cd48adc1a0fda267a\" style=\"color:#000000\"><strong>\u00c1rea inorganizada Com\u00e9rcio Varejista, Atacadista, Aut\u00f4nomos e Presta\u00e7\u00e3o de Servi\u00e7os<\/strong><\/p>\n\n\n\n<p><a href=\"https:\/\/feconeste.com.br\/site\/wp-content\/uploads\/2026\/01\/CCT-2025-2026-AREA-INORGANIZADA.pdf\">2025\/2026<\/a><\/p>\n\n\n\n<p><a href=\"https:\/\/feconeste.com.br\/wp-content\/uploads\/2025\/03\/CCT-FECONESTE-PE-2024.2025.pdf-inorganizada.pdf\">2024\/2025<\/a><\/p>\n\n\n\n<p><a href=\"https:\/\/feconeste.com.br\/wp-content\/uploads\/2024\/04\/convencao-area-inorganizada-2023-24.pdf\">2023\/2024<\/a><\/p>\n\n\n\n<p><a href=\"https:\/\/feconeste.com.br\/wp-content\/uploads\/2023\/02\/Mediador-Extrato-Convencao-Coletiva.pdf\">2022\/2023<\/a><\/p>\n\n\n\n<p><a href=\"http:\/\/www3.mte.gov.br\/sistemas\/mediador\/Resumo\/ResumoVisualizar?NrSolicitacao=MR003544\/2022\">2021\/2022<\/a><\/p>\n\n\n\n<p><a href=\"https:\/\/feconeste.com.br\/wp-content\/uploads\/2022\/01\/TABELA-SALARIAL-INORGANIZADA-2021.pdf\">Tabela Salarial 2021\/2022<\/a><\/p>\n\n\n\n<p><a rel=\"noreferrer noopener\" href=\"http:\/\/www3.mte.gov.br\/sistemas\/mediador\/Resumo\/ResumoVisualizar?NrSolicitacao=MR060665\/2020\" target=\"_blank\">2020\/2021<\/a><\/p>\n\n\n\n<p><a rel=\"noreferrer noopener\" href=\"https:\/\/feconeste.com.br\/wp-content\/uploads\/2021\/06\/CCT-FECONESTE-X-FECOME%CC%81RCIO-2019-2020.pdf\" target=\"_blank\">2019\/2020<\/a><\/p>\n\n\n\n<p><a rel=\"noreferrer noopener\" href=\"http:\/\/www3.mte.gov.br\/sistemas\/mediador\/Resumo\/ResumoVisualizar?NrSolicitacao=MR017105\/2020\" target=\"_blank\">Especial Covid 2020<\/a><\/p>\n\n\n\n<p class=\"has-text-color has-link-color wp-elements-ebd73e8015caabee3a8b27c3e23d048f\" style=\"color:#000000\"><strong>Presta\u00e7\u00e3o de Servi\u00e7os e Agentes Aut\u00f4nomos no Com\u00e9rcio do Recife<\/strong><\/p>\n\n\n\n<p><a href=\"https:\/\/feconeste.com.br\/wp-content\/uploads\/2025\/10\/Google.pdf\">2025\/2026<\/a><\/p>\n\n\n\n<p><a href=\"https:\/\/feconeste.com.br\/wp-content\/uploads\/2024\/11\/Mediador-Extrato-Convencao-Coletiva7.PDF.pdf\">2024\/2025<\/a><\/p>\n\n\n\n<p><a href=\"https:\/\/feconeste.com.br\/wp-content\/uploads\/2024\/04\/convencao-recife-inorganizada.pdf\">2023\/2024<\/a><\/p>\n\n\n\n<p><a href=\"https:\/\/feconeste.com.br\/wp-content\/uploads\/2023\/01\/CCT-2022.2023-FECONESTE.pdf\">2022\/2023<\/a><\/p>\n\n\n\n<p><a href=\"https:\/\/feconeste.com.br\/wp-content\/uploads\/2021\/12\/Mediador-Extrato-Convencao-Coletiva.pdf\">2021\/2022<\/a><\/p>\n\n\n\n<p class=\"has-text-color has-link-color wp-elements-18d87877994edbd48b4ee724ad6f518f\" style=\"color:#010000\"><strong>Recife \u2013 Atacadista, Distribui\u00e7\u00e3o e Log\u00edstica<\/strong><\/p>\n\n\n\n<p><a href=\"https:\/\/feconeste.com.br\/site\/wp-content\/uploads\/2026\/01\/CCT-20252026-ATACADISTA-RECIFE.pdf\">2025\/2026<\/a><\/p>\n\n\n\n<p><a href=\"https:\/\/feconeste.com.br\/wp-content\/uploads\/2025\/01\/FECONESTE-x-FECOMERCIO-2024-2025.pdf\">2024\/2025<\/a><\/p>\n\n\n\n<p><a href=\"https:\/\/feconeste.com.br\/wp-content\/uploads\/2024\/11\/INFORMATIVO-RECIFE-ATACADISTA-2024-35-1.pdf\">Informativo 2024\/2025<\/a><\/p>\n\n\n\n<p><a href=\"https:\/\/feconeste.com.br\/wp-content\/uploads\/2024\/08\/CCT-ATACADISTAS-RECIFE-2022-2024.pdf\">2022\/2024<\/a><\/p>\n\n\n\n<p><a href=\"http:\/\/www3.mte.gov.br\/sistemas\/mediador\/Resumo\/ResumoVisualizar?NrSolicitacao=MR009026\/2022&amp;CNPJ=08142853000170&amp;CEI=\">2021\/2022<\/a><\/p>\n\n\n\n<p class=\"has-text-color has-link-color wp-elements-414a587e25ff74dab776c0f13078c6f5\" style=\"color:#000000\"><strong>Cabo de Santo Agostinho- Atacadista, Distribui\u00e7\u00e3o e Log\u00edstica<\/strong><\/p>\n\n\n\n<p><a href=\"https:\/\/feconeste.com.br\/site\/wp-content\/uploads\/2026\/01\/CCT20cabo20.pdf\">2025\/2026<\/a><\/p>\n\n\n\n<p><a href=\"https:\/\/feconeste.com.br\/wp-content\/uploads\/2024\/11\/CCT-ATACADISTAS-CABOA-DE-STO-AGOSTINHO-2024.pdf\">2024\/2025<\/a><\/p>\n\n\n\n<p><a href=\"https:\/\/feconeste.com.br\/wp-content\/uploads\/2024\/11\/INFORMATIVO-CABO-ATACADISTA-24-25-1.pdf\">2023\/2024<\/a><\/p>\n\n\n\n<p><a href=\"https:\/\/feconeste.com.br\/wp-content\/uploads\/2023\/03\/Convencao-Coletiva-atacadistas-cabo-2023.pdf\">2021\/2023<\/a><\/p>\n\n\n\n<p><a href=\"http:\/\/www3.mte.gov.br\/sistemas\/mediador\/Resumo\/ResumoVisualizar?NrSolicitacao=MR011778\/2021\">2020\/2021<\/a><\/p>\n\n\n\n<p><strong>Cabo de Santo Agostinho \u2013 Presta\u00e7\u00e3o de servi\u00e7os e Agentes Aut\u00f4nomos<\/strong><\/p>\n\n\n\n<p><a href=\"http:\/\/www3.mte.gov.br\/sistemas\/mediador\/Resumo\/ResumoVisualizar?NrSolicitacao=MR066921\/2020\">2020\/2022<\/a><\/p>\n\n\n\n<hr class=\"wp-block-separator has-alpha-channel-opacity\"\/>\n\n\n\n<p><strong>Caruaru \u2013 Com\u00e9rcio servi\u00e7os de beleza, cabeleireiro e similares<\/strong><\/p>\n\n\n\n<p><a href=\"https:\/\/feconeste.com.br\/wp-content\/uploads\/2024\/12\/CCT-FECONESTE-X-SINDLOJAS-CARUARU.pdf\">2024\/2026 \u2013 Empregados do com\u00e9rcio de bens e servi\u00e7os<\/a><\/p>\n\n\n\n<p><a href=\"https:\/\/feconeste.com.br\/wp-content\/uploads\/2022\/08\/CONVENCAO-CARUARU-AREA-BELEZA-2022.pdf\">2022\/2024 \u2013 Servi\u00e7os de beleza, oficiais barbeiros, cabeleireiros e similares<\/a><\/p>\n\n\n\n<p><a href=\"https:\/\/feconeste.com.br\/wp-content\/uploads\/2022\/08\/CONVENCAO-CARUARU-SERVICOS-2022.pdf\">2022\/2024 \u2013 Empregados do com\u00e9rcio de bens e servi\u00e7os<\/a><\/p>\n\n\n\n<p><a href=\"http:\/\/www3.mte.gov.br\/sistemas\/mediador\/Resumo\/ResumoVisualizar?NrSolicitacao=MR028613\/2020\">2020 \u2013 Servi\u00e7os de beleza, oficiais barbeiros, cabeleireiros e similares<\/a><\/p>\n\n\n\n<hr class=\"wp-block-separator has-alpha-channel-opacity\"\/>\n\n\n\n<p><strong>\u00c1rea inorganizada Com\u00e9rcio Atacadista, Distribui\u00e7\u00e3o e Log\u00edstica<\/strong><\/p>\n\n\n\n<p><a href=\"https:\/\/feconeste.com.br\/site\/wp-content\/uploads\/2026\/01\/CCT-2025-2026-AREA-INORGANIZADA.pdf\">2025\/2026<\/a><\/p>\n\n\n\n<p><a href=\"http:\/\/www3.mte.gov.br\/sistemas\/mediador\/Resumo\/ResumoVisualizar?NrSolicitacao=MR009058\/2022\">2022<\/a><\/p>\n\n\n\n<p><a href=\"https:\/\/feconeste.com.br\/wp-content\/uploads\/2021\/06\/CCT-2020-2021-ATACADISTA-1.pdf\">2021\/2021<\/a><\/p>\n\n\n\n<p><\/p>\n","protected":false},"excerpt":{"rendered":"<p>\u00c1rea inorganizada Com\u00e9rcio Varejista, Atacadista, Aut\u00f4nomos e Presta\u00e7\u00e3o de Servi\u00e7os 2025\/2026 2024\/2025 2023\/2024 2022\/2023 2021\/2022 Tabela Salarial 2021\/2022 2020\/2021 2019\/2020 Especial Covid 2020 Presta\u00e7\u00e3o de Servi\u00e7os e Agentes Aut\u00f4nomos no Com\u00e9rcio do Recife 2025\/2026 2024\/2025 2023\/2024 2022\/2023 2021\/2022 Recife \u2013 Atacadista, Distribui\u00e7\u00e3o e Log\u00edstica 2025\/2026 2024\/2025 Informativo 2024\/2025 2022\/2024 2021\/2022 Cabo de Santo Agostinho- Atacadista, [&hellip;]<\/p>\n","protected":false},"author":1,"featured_media":0,"parent":0,"menu_order":0,"comment_status":"closed","ping_status":"closed","template":"","meta":{"footnotes":""},"class_list":["post-38","page","type-page","status-publish","hentry"],"_links":{"self":[{"href":"https:\/\/feconeste.com.br\/site\/wp-json\/wp\/v2\/pages\/38","targetHints":{"allow":["GET"]}}],"collection":[{"href":"https:\/\/feconeste.com.br\/site\/wp-json\/wp\/v2\/pages"}],"about":[{"href":"https:\/\/feconeste.com.br\/site\/wp-json\/wp\/v2\/types\/page"}],"author":[{"embeddable":true,"href":"https:\/\/feconeste.com.br\/site\/wp-json\/wp\/v2\/users\/1"}],"replies":[{"embeddable":true,"href":"https:\/\/feconeste.com.br\/site\/wp-json\/wp\/v2\/comments?post=38"}],"version-history":[{"count":8,"href":"https:\/\/feconeste.com.br\/site\/wp-json\/wp\/v2\/pages\/38\/revisions"}],"predecessor-version":[{"id":210,"href":"https:\/\/feconeste.com.br\/site\/wp-json\/wp\/v2\/pages\/38\/revisions\/210"}],"wp:attachment":[{"href":"https:\/\/feconeste.com.br\/site\/wp-json\/wp\/v2\/media?parent=38"}],"curies":[{"name":"wp","href":"https:\/\/api.w.org\/{rel}","templated":true}]}}