{"id":168,"date":"2026-01-14T18:41:08","date_gmt":"2026-01-14T18:41:08","guid":{"rendered":"https:\/\/feconeste.com.br\/site\/?page_id=168"},"modified":"2026-01-14T18:41:08","modified_gmt":"2026-01-14T18:41:08","slug":"bem-mais-servicos","status":"publish","type":"page","link":"https:\/\/feconeste.com.br\/site\/bem-mais-servicos\/","title":{"rendered":"Bem Mais Servi\u00e7os"},"content":{"rendered":"\n<figure class=\"wp-block-image size-full is-resized\"><img loading=\"lazy\" decoding=\"async\" width=\"800\" height=\"476\" src=\"https:\/\/feconeste.com.br\/site\/wp-content\/uploads\/2026\/01\/Banner-E-mail_Dependentes-Sem-Icone-3.png\" alt=\"\" class=\"wp-image-169\" style=\"width:492px;height:auto\" srcset=\"https:\/\/feconeste.com.br\/site\/wp-content\/uploads\/2026\/01\/Banner-E-mail_Dependentes-Sem-Icone-3.png 800w, https:\/\/feconeste.com.br\/site\/wp-content\/uploads\/2026\/01\/Banner-E-mail_Dependentes-Sem-Icone-3-300x179.png 300w, https:\/\/feconeste.com.br\/site\/wp-content\/uploads\/2026\/01\/Banner-E-mail_Dependentes-Sem-Icone-3-768x457.png 768w\" sizes=\"auto, (max-width: 800px) 100vw, 800px\" \/><\/figure>\n\n\n\n<p><strong>Aux\u00edlio Plano de Assist\u00eancia e Cuidado Pessoal:&nbsp;<\/strong><\/p>\n\n\n\n<p><strong>Uma conquista das empresas e trabalhadores.<\/strong><\/p>\n\n\n\n<p><strong>O que \u00e9 o Aux\u00edlio Plano de Assist\u00eancia e Cuidado Pessoal?<\/strong><\/p>\n\n\n\n<p>Ele \u00e9 o valor pago mensalmente pela empresa, por cada Colaborador ativo e que \u00e9 revertido em diversos benef\u00edcios em favor do trabalhador.<\/p>\n\n\n\n<p>O Sindicato Laboral \u00e9 o respons\u00e1vel por viabilizar os benef\u00edcios e \u00e9 justamente o Valor do Aux\u00edlio pago pelas empresas, que permite o pagamento mensal de todos os fornecedores e benef\u00edcios pactuados.<\/p>\n\n\n\n<p><strong>Vantagem para as empresas<\/strong><\/p>\n\n\n\n<p>Atrav\u00e9s do Aux\u00edlio, as empresas v\u00e3o deixar uma s\u00e9rie de burocracias no passado, o que torna a gest\u00e3o de benef\u00edcios mais \u00e1gil e eficiente. &nbsp;<\/p>\n\n\n\n<ul class=\"wp-block-list\">\n<li>Simplifica o processo de or\u00e7ar, contratar e gerir benef\u00edcios com um \u00fanico plano que abrange m\u00faltiplos servi\u00e7os.\u00a0<\/li>\n\n\n\n<li>Centraliza as negocia\u00e7\u00f5es de reajuste anual, economizando tempo e recursos.\u00a0<\/li>\n\n\n\n<li>Unifica os sistemas de gest\u00e3o ao cadastrar e excluir colaboradores e dependentes, facilitando a administra\u00e7\u00e3o.\u00a0<\/li>\n\n\n\n<li>Automatiza e simplifica as opera\u00e7\u00f5es financeiras ao conferir, realizar concilia\u00e7\u00e3o mensal e pagar diversas faturas.<\/li>\n<\/ul>\n\n\n\n<p>Al\u00e9m disso, com <strong>colaboradores mais satisfeito e saud\u00e1veis<\/strong>, a produtividade no ambiente de trabalho aumenta consideravelmente, al\u00e9m de reduzir o turn-over e o absente\u00edsmo.&nbsp;<\/p>\n\n\n\n<p><strong>Benef\u00edcios abrangentes e atrativos<\/strong> ajudam a reter talentos, diminuindo a rotatividade de pessoal, promovendo estabilidade e reduzindo custos com recrutamento e treinamento.<\/p>\n\n\n\n<p><strong>Vantagens para o trabalhador<\/strong><\/p>\n\n\n\n<p>O acesso a uma ampla gama de benef\u00edcios vai proporcionar mais<strong> qualidade de vida e bem-estar <\/strong>ea possibilidade de incluir familiares no plano estende a seguran\u00e7a e o cuidado \u00e0 fam\u00edlia.&nbsp;<\/p>\n\n\n\n<p>Os benef\u00edcios criam prote\u00e7\u00e3o para v\u00e1rios momentos e fases na vida:<\/p>\n\n\n\n<ul class=\"wp-block-list\">\n<li>Seguro de Vida<\/li>\n\n\n\n<li>Assist\u00eancia Natalidade<\/li>\n\n\n\n<li>Assist\u00eancia Auto<\/li>\n\n\n\n<li>Assist\u00eancia Residencial\u00a0<\/li>\n\n\n\n<li>Aux\u00edlio Funeral<\/li>\n\n\n\n<li>Telemedicina<\/li>\n\n\n\n<li>Plano Odontol\u00f3gico<\/li>\n\n\n\n<li>Entre outros<\/li>\n<\/ul>\n\n\n\n<p>Os benef\u00edcios podem variar de conven\u00e7\u00e3o para conven\u00e7\u00e3o, podendo contemplar diferentes coberturas. Para saber quais benef\u00edcios fazem parte da sua conven\u00e7\u00e3o, baixe o app da Bem Mais Benef\u00edcios.<\/p>\n\n\n\n<p>Atrav\u00e9s do <strong>aplicativo<\/strong> o colaborador pode acessar todos os detalhes dos seus benef\u00edcios e consultar como utiliz\u00e1-los. Tudo isso, gera mais <strong>autonomia, conveni\u00eancia e praticidade<\/strong> para o trabalhador.<\/p>\n\n\n\n<p><strong><em>A gestora do Aux\u00edlio<\/em><\/strong><\/p>\n\n\n\n<p>A Bem Mais Benef\u00edcios foi contratada pelo sindicato para realizar todo processo de gest\u00e3o do Aux\u00edlio. Ela \u00e9 uma empresa especializada na gest\u00e3o de benef\u00edcios voltados \u00e0 qualidade de vida e o bem estar das pessoas.<\/p>\n\n\n\n<p>O seu prop\u00f3sito \u00e9 contribuir com Sindicatos e Empresas no objetivo comum de cuidar das pessoas, levando mais prote\u00e7\u00e3o, amparo, acesso a servi\u00e7os de sa\u00fade e assist\u00eancias para o dia a dia dos profissionais dos mais variados segmentos econ\u00f4micos.<\/p>\n\n\n\n<p>Para conhecer mais sobre a gestora acesse o site: www.bemmaisbeneficios.com.br<\/p>\n\n\n\n<p><strong><em>Quer saber mais sobre os seus benef\u00edcios?<\/em><\/strong><\/p>\n\n\n\n<p>Se voc\u00ea \u00e9 um benefici\u00e1rio do Aux\u00edlio Plano de Assist\u00eancia e Cuidado Pessoal e quer saber mais sobre o Aux\u00edlio e todos benef\u00edcios que ele proporciona, <strong>baixe o App<\/strong> da Bem Mais Benef\u00edcios e tenha acesso a todos os seus benef\u00edcios, detalhamento e coberturas.<\/p>\n\n\n\n<p><\/p>\n","protected":false},"excerpt":{"rendered":"<p>Aux\u00edlio Plano de Assist\u00eancia e Cuidado Pessoal:&nbsp; Uma conquista das empresas e trabalhadores. O que \u00e9 o Aux\u00edlio Plano de Assist\u00eancia e Cuidado Pessoal? Ele \u00e9 o valor pago mensalmente pela empresa, por cada Colaborador ativo e que \u00e9 revertido em diversos benef\u00edcios em favor do trabalhador. O Sindicato Laboral \u00e9 o respons\u00e1vel por viabilizar [&hellip;]<\/p>\n","protected":false},"author":1,"featured_media":0,"parent":0,"menu_order":0,"comment_status":"closed","ping_status":"closed","template":"","meta":{"footnotes":""},"class_list":["post-168","page","type-page","status-publish","hentry"],"_links":{"self":[{"href":"https:\/\/feconeste.com.br\/site\/wp-json\/wp\/v2\/pages\/168","targetHints":{"allow":["GET"]}}],"collection":[{"href":"https:\/\/feconeste.com.br\/site\/wp-json\/wp\/v2\/pages"}],"about":[{"href":"https:\/\/feconeste.com.br\/site\/wp-json\/wp\/v2\/types\/page"}],"author":[{"embeddable":true,"href":"https:\/\/feconeste.com.br\/site\/wp-json\/wp\/v2\/users\/1"}],"replies":[{"embeddable":true,"href":"https:\/\/feconeste.com.br\/site\/wp-json\/wp\/v2\/comments?post=168"}],"version-history":[{"count":1,"href":"https:\/\/feconeste.com.br\/site\/wp-json\/wp\/v2\/pages\/168\/revisions"}],"predecessor-version":[{"id":171,"href":"https:\/\/feconeste.com.br\/site\/wp-json\/wp\/v2\/pages\/168\/revisions\/171"}],"wp:attachment":[{"href":"https:\/\/feconeste.com.br\/site\/wp-json\/wp\/v2\/media?parent=168"}],"curies":[{"name":"wp","href":"https:\/\/api.w.org\/{rel}","templated":true}]}}